{"id":2759,"date":"2025-09-03T13:05:08","date_gmt":"2025-09-03T11:05:08","guid":{"rendered":"https:\/\/valifter.es\/?page_id=2759"},"modified":"2025-09-04T09:01:24","modified_gmt":"2025-09-04T07:01:24","slug":"valifter-blog","status":"publish","type":"page","link":"https:\/\/valifter.es\/?page_id=2759","title":{"rendered":"Valifter Blog"},"content":{"rendered":"\t\t<div data-elementor-type=\"wp-page\" data-elementor-id=\"2759\" class=\"elementor elementor-2759\" data-elementor-post-type=\"page\">\n\t\t\t\t<div class=\"elementor-element elementor-element-0e9a229 e-flex e-con-boxed e-con e-parent\" data-id=\"0e9a229\" data-element_type=\"container\" data-e-type=\"container\" data-settings=\"{&quot;background_background&quot;:&quot;classic&quot;}\">\n\t\t\t\t\t<div class=\"e-con-inner\">\n\t\t\t\t<div class=\"elementor-element elementor-element-5b07ab3 elementor-widget elementor-widget-spacer\" data-id=\"5b07ab3\" data-element_type=\"widget\" data-e-type=\"widget\" data-widget_type=\"spacer.default\">\n\t\t\t\t<div class=\"elementor-widget-container\">\n\t\t\t\t\t\t\t<div class=\"elementor-spacer\">\n\t\t\t<div class=\"elementor-spacer-inner\"><\/div>\n\t\t<\/div>\n\t\t\t\t\t\t<\/div>\n\t\t\t\t<\/div>\n\t\t\t\t\t<\/div>\n\t\t\t\t<\/div>\n\t\t\t\t<section class=\"elementor-section elementor-top-section elementor-element elementor-element-61606c8 elementor-section-full_width elementor-section-height-default elementor-section-height-default\" data-id=\"61606c8\" data-element_type=\"section\" data-e-type=\"section\">\n\t\t\t\t\t\t<div class=\"elementor-container elementor-column-gap-no\">\n\t\t\t\t\t<div class=\"elementor-column elementor-col-100 elementor-top-column elementor-element elementor-element-6060f3e\" data-id=\"6060f3e\" data-element_type=\"column\" data-e-type=\"column\">\n\t\t\t<div class=\"elementor-widget-wrap elementor-element-populated\">\n\t\t\t\t\t\t<div class=\"elementor-element elementor-element-79a18f5 elementor-widget elementor-widget-builty-blog-grid\" data-id=\"79a18f5\" data-element_type=\"widget\" data-e-type=\"widget\" data-widget_type=\"builty-blog-grid.default\">\n\t\t\t\t<div class=\"elementor-widget-container\">\n\t\t\t\t\t\n\t\t\n\t\t<!-- Blog Style One Start -->\n\t\t<section class=\"gap no-top blog-style-one\">\n\t\t\t\n\t\t\t<div class=\"container\">\n\n\t\t\t\t\n\t\t\t\t\t\t\t\t<div class=\"row blog-cols  attr-desc-false attr-readmore-false\">\n\t\t\t\t\t\n\n<div class=\"col-lg-4 blog-col consejos \">\n\n\t<div id=\"post-2590\" class=\"post-2590 post type-post status-publish format-standard has-post-thumbnail hentry category-consejos\">\n\n\t\t<div class=\"blog-post\">\n\t\t\t\t\t\t<div class=\"blog-image\">\n\t\t\t\t<figure>\n\t\t\t\t\t<a href=\"https:\/\/valifter.es\/?p=2590\"><img decoding=\"async\" src=\"https:\/\/valifter.es\/wp-content\/uploads\/2025\/08\/Los-riesgos-de-la-movimentacion-manual-de-cargas_4.jpg\" alt=\"Riesgos de accidentes en el sector del agua\" \/><\/a>\n\t\t\t\t<\/figure>\n\t\t\t\t<a href=\"https:\/\/valifter.es\/?p=2590\">\n\t\t\t\t\t<i class=\"fas fa-angle-double-right\"><\/i>\n\t\t\t\t<\/a>\n\t\t\t<\/div>\n\t\t\t\t\t\t<div class=\"blog-data\">\n\t\t\t\t<span class=\"blog-date\">\n\t\t\t\t\t\t\t\t\t\t1 Agosto 2025\t\t\t\t\t\t\t\t\t<\/span>\n\t\t\t\t<div class=\"h2\">\n\t\t\t\t\t<a href=\"https:\/\/valifter.es\/?p=2590\">Riesgos de accidentes en el sector del agua<\/a>\n\t\t\t\t<\/div>\n\t\t\t\t<div class=\"blog-author d-flex-all justify-content-start\">\n\t\t\t\t\t<div class=\"author-img\">\n\t\t\t\t\t\t<figure>\n\t\t\t\t\t\t\t<img decoding=\"async\" src=\"https:\/\/secure.gravatar.com\/avatar\/b63e2fa62d0ff606814c6b39827a774e8475a5d260e38bc293bf4cdb6989e00b?s=96&#038;d=mm&#038;r=g\" alt=\"Staff Valifter\">\n\t\t\t\t\t\t<\/figure>\n\t\t\t\t\t<\/div>\n\t\t\t\t\t<div class=\"details\">\n\t\t\t\t\t\t<div class=\"h3\"><span>by<\/span> Staff Valifter<\/div>\n\t\t\t\t\t<\/div>\n\t\t\t\t<\/div>\n\n\t\t\t\t\t\t\t\t<div class=\"blog-description\">\n\t\t\t\t\t<p>Los riesgos relativos a la manipulaci\u00f3n manuale de cargas<\/p>\n\t\t\t\t<\/div>\n\t\t\t\t\t\t\t<\/div>\n\t\t<\/div>\n\n\t<\/div>\n\n<\/div>\n\n\n<div class=\"col-lg-4 blog-col consejos \">\n\n\t<div id=\"post-2585\" class=\"post-2585 post type-post status-publish format-standard has-post-thumbnail hentry category-consejos\">\n\n\t\t<div class=\"blog-post\">\n\t\t\t\t\t\t<div class=\"blog-image\">\n\t\t\t\t<figure>\n\t\t\t\t\t<a href=\"https:\/\/valifter.es\/?p=2585\"><img decoding=\"async\" src=\"https:\/\/valifter.es\/wp-content\/uploads\/2025\/08\/LIMPIEZA-DE-ARQUETAS-Y-ALCANTARILLAS_2.jpg\" alt=\"Limpieza de arquetas y alcantarillas:\" \/><\/a>\n\t\t\t\t<\/figure>\n\t\t\t\t<a href=\"https:\/\/valifter.es\/?p=2585\">\n\t\t\t\t\t<i class=\"fas fa-angle-double-right\"><\/i>\n\t\t\t\t<\/a>\n\t\t\t<\/div>\n\t\t\t\t\t\t<div class=\"blog-data\">\n\t\t\t\t<span class=\"blog-date\">\n\t\t\t\t\t\t\t\t\t\t25 Luglio 2025\t\t\t\t\t\t\t\t\t<\/span>\n\t\t\t\t<div class=\"h2\">\n\t\t\t\t\t<a href=\"https:\/\/valifter.es\/?p=2585\">Limpieza de arquetas y alcantarillas:<\/a>\n\t\t\t\t<\/div>\n\t\t\t\t<div class=\"blog-author d-flex-all justify-content-start\">\n\t\t\t\t\t<div class=\"author-img\">\n\t\t\t\t\t\t<figure>\n\t\t\t\t\t\t\t<img decoding=\"async\" src=\"https:\/\/secure.gravatar.com\/avatar\/b63e2fa62d0ff606814c6b39827a774e8475a5d260e38bc293bf4cdb6989e00b?s=96&#038;d=mm&#038;r=g\" alt=\"Staff Valifter\">\n\t\t\t\t\t\t<\/figure>\n\t\t\t\t\t<\/div>\n\t\t\t\t\t<div class=\"details\">\n\t\t\t\t\t\t<div class=\"h3\"><span>by<\/span> Staff Valifter<\/div>\n\t\t\t\t\t<\/div>\n\t\t\t\t<\/div>\n\n\t\t\t\t\t\t\t\t<div class=\"blog-description\">\n\t\t\t\t\t<p>Mantenimiento preventivo que puede frenar las inundaciones<\/p>\n\t\t\t\t<\/div>\n\t\t\t\t\t\t\t<\/div>\n\t\t<\/div>\n\n\t<\/div>\n\n<\/div>\n\n\n<div class=\"col-lg-4 blog-col consejos \">\n\n\t<div id=\"post-2580\" class=\"post-2580 post type-post status-publish format-standard has-post-thumbnail hentry category-consejos\">\n\n\t\t<div class=\"blog-post\">\n\t\t\t\t\t\t<div class=\"blog-image\">\n\t\t\t\t<figure>\n\t\t\t\t\t<a href=\"https:\/\/valifter.es\/?p=2580\"><img decoding=\"async\" src=\"https:\/\/valifter.es\/wp-content\/uploads\/2025\/08\/Deteccion-de-fugas-en-redes-hidraulicas_1.jpg\" alt=\"Detecci\u00f3n de fugas en redes hidr\u00e1ulicas en Espa\u00f1a: desaf\u00edos y soluciones\" \/><\/a>\n\t\t\t\t<\/figure>\n\t\t\t\t<a href=\"https:\/\/valifter.es\/?p=2580\">\n\t\t\t\t\t<i class=\"fas fa-angle-double-right\"><\/i>\n\t\t\t\t<\/a>\n\t\t\t<\/div>\n\t\t\t\t\t\t<div class=\"blog-data\">\n\t\t\t\t<span class=\"blog-date\">\n\t\t\t\t\t\t\t\t\t\t18 Luglio 2025\t\t\t\t\t\t\t\t\t<\/span>\n\t\t\t\t<div class=\"h2\">\n\t\t\t\t\t<a href=\"https:\/\/valifter.es\/?p=2580\">Detecci\u00f3n de fugas en redes hidr\u00e1ulicas en Espa\u00f1a: desaf\u00edos y soluciones<\/a>\n\t\t\t\t<\/div>\n\t\t\t\t<div class=\"blog-author d-flex-all justify-content-start\">\n\t\t\t\t\t<div class=\"author-img\">\n\t\t\t\t\t\t<figure>\n\t\t\t\t\t\t\t<img decoding=\"async\" src=\"https:\/\/secure.gravatar.com\/avatar\/b63e2fa62d0ff606814c6b39827a774e8475a5d260e38bc293bf4cdb6989e00b?s=96&#038;d=mm&#038;r=g\" alt=\"Staff Valifter\">\n\t\t\t\t\t\t<\/figure>\n\t\t\t\t\t<\/div>\n\t\t\t\t\t<div class=\"details\">\n\t\t\t\t\t\t<div class=\"h3\"><span>by<\/span> Staff Valifter<\/div>\n\t\t\t\t\t<\/div>\n\t\t\t\t<\/div>\n\n\t\t\t\t\t\t\t\t<div class=\"blog-description\">\n\t\t\t\t\t<p>Perdidas de agua en redes hidr\u00e1ulicas espa\u00f1olas: un problema cr\u00edtico y urgente<\/p>\n\t\t\t\t<\/div>\n\t\t\t\t\t\t\t<\/div>\n\t\t<\/div>\n\n\t<\/div>\n\n<\/div>\n\n\n<div class=\"col-lg-4 blog-col consejos \">\n\n\t<div id=\"post-2566\" class=\"post-2566 post type-post status-publish format-standard has-post-thumbnail hentry category-consejos\">\n\n\t\t<div class=\"blog-post\">\n\t\t\t\t\t\t<div class=\"blog-image\">\n\t\t\t\t<figure>\n\t\t\t\t\t<a href=\"https:\/\/valifter.es\/?p=2566\"><img decoding=\"async\" src=\"https:\/\/valifter.es\/wp-content\/uploads\/2025\/08\/Como-se-abre-una-tapa-de-alcantarilla_2.jpg\" alt=\"\u00bfC\u00f3mo abrir una tapa de alcantarilla?\" \/><\/a>\n\t\t\t\t<\/figure>\n\t\t\t\t<a href=\"https:\/\/valifter.es\/?p=2566\">\n\t\t\t\t\t<i class=\"fas fa-angle-double-right\"><\/i>\n\t\t\t\t<\/a>\n\t\t\t<\/div>\n\t\t\t\t\t\t<div class=\"blog-data\">\n\t\t\t\t<span class=\"blog-date\">\n\t\t\t\t\t\t\t\t\t\t11 Luglio 2025\t\t\t\t\t\t\t\t\t<\/span>\n\t\t\t\t<div class=\"h2\">\n\t\t\t\t\t<a href=\"https:\/\/valifter.es\/?p=2566\">\u00bfC\u00f3mo abrir una tapa de alcantarilla?<\/a>\n\t\t\t\t<\/div>\n\t\t\t\t<div class=\"blog-author d-flex-all justify-content-start\">\n\t\t\t\t\t<div class=\"author-img\">\n\t\t\t\t\t\t<figure>\n\t\t\t\t\t\t\t<img decoding=\"async\" src=\"https:\/\/secure.gravatar.com\/avatar\/b63e2fa62d0ff606814c6b39827a774e8475a5d260e38bc293bf4cdb6989e00b?s=96&#038;d=mm&#038;r=g\" alt=\"Staff Valifter\">\n\t\t\t\t\t\t<\/figure>\n\t\t\t\t\t<\/div>\n\t\t\t\t\t<div class=\"details\">\n\t\t\t\t\t\t<div class=\"h3\"><span>by<\/span> Staff Valifter<\/div>\n\t\t\t\t\t<\/div>\n\t\t\t\t<\/div>\n\n\t\t\t\t\t\t\t\t<div class=\"blog-description\">\n\t\t\t\t\t<p>Consejos \u00fatiles para abrir y levantar una tapa de alcantarilla.<\/p>\n\t\t\t\t<\/div>\n\t\t\t\t\t\t\t<\/div>\n\t\t<\/div>\n\n\t<\/div>\n\n<\/div>\n\t\t\t\t<\/div>\n\n\t\t\t\t\t\t\t\t<div class=\"builty-pagination\">\n\t\t\t\t\t\t\t\t\t<\/div>\n\t\t\t\t\n\t\t\t\t\n\t\t\t\t\n\t\t\t\t\t\t\t<\/div>\n\t\t<\/section>\n\t\t<!-- Blog Style One End -->\n\n\t\t\n\t\t\t\t\t\t<\/div>\n\t\t\t\t<\/div>\n\t\t\t\t\t<\/div>\n\t\t<\/div>\n\t\t\t\t\t<\/div>\n\t\t<\/section>\n\t\t\t\t<\/div>\n\t\t","protected":false},"excerpt":{"rendered":"<p>1 Agosto 2025 Riesgos de accidentes en el sector del agua by Staff Valifter Los.. <span class=\"read-more\"><a href=\"https:\/\/valifter.es\/?p=2566\" class=\"theme-btn\"><span>Read more<\/span><i class=\"fas fa-angle-double-right\"><\/i><\/a><\/span><\/p>\n","protected":false},"author":2,"featured_media":0,"parent":0,"menu_order":0,"comment_status":"closed","ping_status":"closed","template":"template-layout-builder.php","meta":{"_acf_changed":false,"inline_featured_image":false,"footnotes":""},"class_list":["post-2759","page","type-page","status-publish","hentry"],"acf":[],"yoast_head":"<!-- This site is optimized with the Yoast SEO plugin v27.3 - https:\/\/yoast.com\/product\/yoast-seo-wordpress\/ -->\n<title>Valifter Blog - Valifter.es<\/title>\n<meta name=\"robots\" content=\"index, follow, max-snippet:-1, max-image-preview:large, max-video-preview:-1\" \/>\n<link rel=\"canonical\" href=\"https:\/\/valifter.es\/?page_id=2759\" \/>\n<meta property=\"og:locale\" content=\"it_IT\" \/>\n<meta property=\"og:type\" content=\"article\" \/>\n<meta property=\"og:title\" content=\"Valifter Blog - Valifter.es\" \/>\n<meta property=\"og:description\" content=\"1 Agosto 2025 Riesgos de accidentes en el sector del agua by Staff Valifter Los.. Read more\" \/>\n<meta property=\"og:url\" content=\"https:\/\/valifter.es\/?page_id=2759\" \/>\n<meta property=\"og:site_name\" content=\"Valifter.es\" \/>\n<meta property=\"article:modified_time\" content=\"2025-09-04T07:01:24+00:00\" \/>\n<meta property=\"og:image\" content=\"https:\/\/valifter.es\/wp-content\/uploads\/2025\/08\/Los-riesgos-de-la-movimentacion-manual-de-cargas_4.jpg\" \/>\n<meta name=\"twitter:card\" content=\"summary_large_image\" \/>\n<meta name=\"twitter:label1\" content=\"Tempo di lettura stimato\" \/>\n\t<meta name=\"twitter:data1\" content=\"3 minuti\" \/>\n<script type=\"application\/ld+json\" class=\"yoast-schema-graph\">{\"@context\":\"https:\\\/\\\/schema.org\",\"@graph\":[{\"@type\":\"WebPage\",\"@id\":\"https:\\\/\\\/valifter.es\\\/?page_id=2759\",\"url\":\"https:\\\/\\\/valifter.es\\\/?page_id=2759\",\"name\":\"Valifter Blog - Valifter.es\",\"isPartOf\":{\"@id\":\"https:\\\/\\\/valifter.es\\\/#website\"},\"primaryImageOfPage\":{\"@id\":\"https:\\\/\\\/valifter.es\\\/?page_id=2759#primaryimage\"},\"image\":{\"@id\":\"https:\\\/\\\/valifter.es\\\/?page_id=2759#primaryimage\"},\"thumbnailUrl\":\"https:\\\/\\\/valifter.es\\\/wp-content\\\/uploads\\\/2025\\\/08\\\/Los-riesgos-de-la-movimentacion-manual-de-cargas_4.jpg\",\"datePublished\":\"2025-09-03T11:05:08+00:00\",\"dateModified\":\"2025-09-04T07:01:24+00:00\",\"breadcrumb\":{\"@id\":\"https:\\\/\\\/valifter.es\\\/?page_id=2759#breadcrumb\"},\"inLanguage\":\"it-IT\",\"potentialAction\":[{\"@type\":\"ReadAction\",\"target\":[\"https:\\\/\\\/valifter.es\\\/?page_id=2759\"]}]},{\"@type\":\"ImageObject\",\"inLanguage\":\"it-IT\",\"@id\":\"https:\\\/\\\/valifter.es\\\/?page_id=2759#primaryimage\",\"url\":\"https:\\\/\\\/valifter.es\\\/wp-content\\\/uploads\\\/2025\\\/08\\\/Los-riesgos-de-la-movimentacion-manual-de-cargas_4.jpg\",\"contentUrl\":\"https:\\\/\\\/valifter.es\\\/wp-content\\\/uploads\\\/2025\\\/08\\\/Los-riesgos-de-la-movimentacion-manual-de-cargas_4.jpg\",\"width\":755,\"height\":615},{\"@type\":\"BreadcrumbList\",\"@id\":\"https:\\\/\\\/valifter.es\\\/?page_id=2759#breadcrumb\",\"itemListElement\":[{\"@type\":\"ListItem\",\"position\":1,\"name\":\"Home\",\"item\":\"https:\\\/\\\/valifter.es\\\/\"},{\"@type\":\"ListItem\",\"position\":2,\"name\":\"Valifter Blog\"}]},{\"@type\":\"WebSite\",\"@id\":\"https:\\\/\\\/valifter.es\\\/#website\",\"url\":\"https:\\\/\\\/valifter.es\\\/\",\"name\":\"Valifter.es\",\"description\":\"\",\"publisher\":{\"@id\":\"https:\\\/\\\/valifter.es\\\/#organization\"},\"potentialAction\":[{\"@type\":\"SearchAction\",\"target\":{\"@type\":\"EntryPoint\",\"urlTemplate\":\"https:\\\/\\\/valifter.es\\\/?s={search_term_string}\"},\"query-input\":{\"@type\":\"PropertyValueSpecification\",\"valueRequired\":true,\"valueName\":\"search_term_string\"}}],\"inLanguage\":\"it-IT\"},{\"@type\":\"Organization\",\"@id\":\"https:\\\/\\\/valifter.es\\\/#organization\",\"name\":\"Valifter.es\",\"url\":\"https:\\\/\\\/valifter.es\\\/\",\"logo\":{\"@type\":\"ImageObject\",\"inLanguage\":\"it-IT\",\"@id\":\"https:\\\/\\\/valifter.es\\\/#\\\/schema\\\/logo\\\/image\\\/\",\"url\":\"https:\\\/\\\/valifter.es\\\/wp-content\\\/uploads\\\/2025\\\/07\\\/cropped-Valifter_Logo1_300.png\",\"contentUrl\":\"https:\\\/\\\/valifter.es\\\/wp-content\\\/uploads\\\/2025\\\/07\\\/cropped-Valifter_Logo1_300.png\",\"width\":512,\"height\":512,\"caption\":\"Valifter.es\"},\"image\":{\"@id\":\"https:\\\/\\\/valifter.es\\\/#\\\/schema\\\/logo\\\/image\\\/\"}}]}<\/script>\n<!-- \/ Yoast SEO plugin. -->","yoast_head_json":{"title":"Valifter Blog - Valifter.es","robots":{"index":"index","follow":"follow","max-snippet":"max-snippet:-1","max-image-preview":"max-image-preview:large","max-video-preview":"max-video-preview:-1"},"canonical":"https:\/\/valifter.es\/?page_id=2759","og_locale":"it_IT","og_type":"article","og_title":"Valifter Blog - Valifter.es","og_description":"1 Agosto 2025 Riesgos de accidentes en el sector del agua by Staff Valifter Los.. Read more","og_url":"https:\/\/valifter.es\/?page_id=2759","og_site_name":"Valifter.es","article_modified_time":"2025-09-04T07:01:24+00:00","og_image":[{"url":"https:\/\/valifter.es\/wp-content\/uploads\/2025\/08\/Los-riesgos-de-la-movimentacion-manual-de-cargas_4.jpg","type":"","width":"","height":""}],"twitter_card":"summary_large_image","twitter_misc":{"Tempo di lettura stimato":"3 minuti"},"schema":{"@context":"https:\/\/schema.org","@graph":[{"@type":"WebPage","@id":"https:\/\/valifter.es\/?page_id=2759","url":"https:\/\/valifter.es\/?page_id=2759","name":"Valifter Blog - Valifter.es","isPartOf":{"@id":"https:\/\/valifter.es\/#website"},"primaryImageOfPage":{"@id":"https:\/\/valifter.es\/?page_id=2759#primaryimage"},"image":{"@id":"https:\/\/valifter.es\/?page_id=2759#primaryimage"},"thumbnailUrl":"https:\/\/valifter.es\/wp-content\/uploads\/2025\/08\/Los-riesgos-de-la-movimentacion-manual-de-cargas_4.jpg","datePublished":"2025-09-03T11:05:08+00:00","dateModified":"2025-09-04T07:01:24+00:00","breadcrumb":{"@id":"https:\/\/valifter.es\/?page_id=2759#breadcrumb"},"inLanguage":"it-IT","potentialAction":[{"@type":"ReadAction","target":["https:\/\/valifter.es\/?page_id=2759"]}]},{"@type":"ImageObject","inLanguage":"it-IT","@id":"https:\/\/valifter.es\/?page_id=2759#primaryimage","url":"https:\/\/valifter.es\/wp-content\/uploads\/2025\/08\/Los-riesgos-de-la-movimentacion-manual-de-cargas_4.jpg","contentUrl":"https:\/\/valifter.es\/wp-content\/uploads\/2025\/08\/Los-riesgos-de-la-movimentacion-manual-de-cargas_4.jpg","width":755,"height":615},{"@type":"BreadcrumbList","@id":"https:\/\/valifter.es\/?page_id=2759#breadcrumb","itemListElement":[{"@type":"ListItem","position":1,"name":"Home","item":"https:\/\/valifter.es\/"},{"@type":"ListItem","position":2,"name":"Valifter Blog"}]},{"@type":"WebSite","@id":"https:\/\/valifter.es\/#website","url":"https:\/\/valifter.es\/","name":"Valifter.es","description":"","publisher":{"@id":"https:\/\/valifter.es\/#organization"},"potentialAction":[{"@type":"SearchAction","target":{"@type":"EntryPoint","urlTemplate":"https:\/\/valifter.es\/?s={search_term_string}"},"query-input":{"@type":"PropertyValueSpecification","valueRequired":true,"valueName":"search_term_string"}}],"inLanguage":"it-IT"},{"@type":"Organization","@id":"https:\/\/valifter.es\/#organization","name":"Valifter.es","url":"https:\/\/valifter.es\/","logo":{"@type":"ImageObject","inLanguage":"it-IT","@id":"https:\/\/valifter.es\/#\/schema\/logo\/image\/","url":"https:\/\/valifter.es\/wp-content\/uploads\/2025\/07\/cropped-Valifter_Logo1_300.png","contentUrl":"https:\/\/valifter.es\/wp-content\/uploads\/2025\/07\/cropped-Valifter_Logo1_300.png","width":512,"height":512,"caption":"Valifter.es"},"image":{"@id":"https:\/\/valifter.es\/#\/schema\/logo\/image\/"}}]}},"_links":{"self":[{"href":"https:\/\/valifter.es\/index.php?rest_route=\/wp\/v2\/pages\/2759","targetHints":{"allow":["GET"]}}],"collection":[{"href":"https:\/\/valifter.es\/index.php?rest_route=\/wp\/v2\/pages"}],"about":[{"href":"https:\/\/valifter.es\/index.php?rest_route=\/wp\/v2\/types\/page"}],"author":[{"embeddable":true,"href":"https:\/\/valifter.es\/index.php?rest_route=\/wp\/v2\/users\/2"}],"replies":[{"embeddable":true,"href":"https:\/\/valifter.es\/index.php?rest_route=%2Fwp%2Fv2%2Fcomments&post=2759"}],"version-history":[{"count":21,"href":"https:\/\/valifter.es\/index.php?rest_route=\/wp\/v2\/pages\/2759\/revisions"}],"predecessor-version":[{"id":2800,"href":"https:\/\/valifter.es\/index.php?rest_route=\/wp\/v2\/pages\/2759\/revisions\/2800"}],"wp:attachment":[{"href":"https:\/\/valifter.es\/index.php?rest_route=%2Fwp%2Fv2%2Fmedia&parent=2759"}],"curies":[{"name":"wp","href":"https:\/\/api.w.org\/{rel}","templated":true}]}}